{"id":10576,"date":"2020-02-24T10:28:20","date_gmt":"2020-02-24T09:28:20","guid":{"rendered":"http:\/\/muraillesmusic.com\/?page_id=10576"},"modified":"2024-04-18T13:47:04","modified_gmt":"2024-04-18T11:47:04","slug":"pass-murailles","status":"publish","type":"page","link":"https:\/\/www.muraillesmusic.com\/en\/pass-murailles\/","title":{"rendered":"Pass-murailles"},"content":{"rendered":"<p><span style=\"font-weight: 400;\"><a href=\"http:\/\/www.muraillesmusic.com\/pass-murailles\/pass-murailles-logo-vert\/\" rel=\"attachment wp-att-10633\"><img loading=\"lazy\" decoding=\"async\" width=\"780\" height=\"369\" class=\"alignnone size-full wp-image-10633\" src=\"http:\/\/www.muraillesmusic.com\/wp-content\/uploads\/2020\/02\/Pass-Murailles-logo-vert.png\" alt=\"\" srcset=\"https:\/\/www.muraillesmusic.com\/wp-content\/uploads\/2020\/02\/Pass-Murailles-logo-vert.png 780w, https:\/\/www.muraillesmusic.com\/wp-content\/uploads\/2020\/02\/Pass-Murailles-logo-vert-250x118.png 250w, https:\/\/www.muraillesmusic.com\/wp-content\/uploads\/2020\/02\/Pass-Murailles-logo-vert-768x363.png 768w, https:\/\/www.muraillesmusic.com\/wp-content\/uploads\/2020\/02\/Pass-Murailles-logo-vert-700x331.png 700w, https:\/\/www.muraillesmusic.com\/wp-content\/uploads\/2020\/02\/Pass-Murailles-logo-vert-600x284.png 600w, https:\/\/www.muraillesmusic.com\/wp-content\/uploads\/2020\/02\/Pass-Murailles-logo-vert-120x57.png 120w\" sizes=\"(max-width: 780px) 100vw, 780px\" \/><\/a>Ever since its inception, <\/span><b>Murailles Music<\/b><span style=\"font-weight: 400;\"> has been driven by the same desire: to deliver exhilarating and unique concerts as performed by adventurous artists who care about giving their audiences a theatrical experience that they can neither predict, nor ever forget.\u00a0<\/span> <span style=\"font-weight: 400;\">To surprise and suspend \u2013 time, the normal course of things, accepted logic \u2013 could be our slogan. Theatrical forms which, free of artifice, thrive on a grass-roots form of experimentation, kindly insolence, and an ever-renewed joy of discovery \u2013 is what we wish to cultivate!<\/span> <span style=\"font-weight: 400;\">Delving into its sturdy roster of maverick artists and projects \u2013 each the embodiment of a living antidote to boredom \u2013 and staying clear of the musical establishment\u2019s ready-made products, <\/span><b>Murailles Music<\/b><span style=\"font-weight: 400;\"> is giving itself carte blanche to imagine combinations of two or more of its signature acts, as new concepts, themes or communication ventures are joyfully dreamed up and thoroughly thought through.\u00a0<\/span> <span style=\"font-weight: 400;\">We believe the time has come once again to tell stories and create powerful memories for the artist and for the audience-member who will leave intrigued and impacted and doubtless come back for more.\u00a0\u00a0<\/span> <span style=\"font-weight: 400;\">Grounded by our faith in this beautiful and simple desire, we invite you to discover our collection entitled <\/span><b>\u2018Pass-Murailles\u2019<\/b><span style=\"font-weight: 400;\">, hoping you will find it an effective way of \u201cbranding\u201d your evenings; we hope these few bright and cheerful arrows shot in the air will guide your audiences towards new uncharted territories and emotions.<\/span> <strong><b>They put their confidence in us<\/b><span style=\"font-weight: 400;\">: <\/span><\/strong>\u00a0the 104-centquatre in Paris, the Mus\u00e9e d\u2019arts de Nantes, the Florida in Agen, the Autre Canal in Nancy, Le Temps Machine in Jou\u00e9-Les-Tours, the Festival Haute Fr\u00e9quence\/La Briqueterie in Amiens, Penn Ar Jazz in Brest, Les Sept Collines (Sc\u00e8ne conventionn\u00e9e) in Tulle, le Lieu Multiple in Poitiers, Jazz \u00e0 Poitiers\u2026.<\/p>\n","protected":false},"excerpt":{"rendered":"Ever since its inception, Murailles Music has been driven by the same desire: to deliver exhilarating and unique concerts as performed by adventurous artists who care about giving their audiences a theatrical experience that they can neither predict, nor ever forget.\u00a0 To surprise and suspend \u2013 time, the normal course of things, accepted logic \u2013<a href=\"https:\/\/www.muraillesmusic.com\/en\/pass-murailles\/\" rel=\"nofollow\" class=\"button read_more plus\"><i class=\"fas fa-plus\"><\/i><\/a>","protected":false},"author":5,"featured_media":0,"parent":0,"menu_order":0,"comment_status":"closed","ping_status":"closed","template":"template-passmurailles.php","meta":{"footnotes":""},"translation":{"provider":"WPGlobus","version":"2.12.2","language":"en","enabled_languages":["fr","en"],"languages":{"fr":{"title":true,"content":true,"excerpt":false},"en":{"title":true,"content":true,"excerpt":false}}},"_links":{"self":[{"href":"https:\/\/www.muraillesmusic.com\/en\/wp-json\/wp\/v2\/pages\/10576"}],"collection":[{"href":"https:\/\/www.muraillesmusic.com\/en\/wp-json\/wp\/v2\/pages"}],"about":[{"href":"https:\/\/www.muraillesmusic.com\/en\/wp-json\/wp\/v2\/types\/page"}],"author":[{"embeddable":true,"href":"https:\/\/www.muraillesmusic.com\/en\/wp-json\/wp\/v2\/users\/5"}],"replies":[{"embeddable":true,"href":"https:\/\/www.muraillesmusic.com\/en\/wp-json\/wp\/v2\/comments?post=10576"}],"version-history":[{"count":9,"href":"https:\/\/www.muraillesmusic.com\/en\/wp-json\/wp\/v2\/pages\/10576\/revisions"}],"predecessor-version":[{"id":23384,"href":"https:\/\/www.muraillesmusic.com\/en\/wp-json\/wp\/v2\/pages\/10576\/revisions\/23384"}],"wp:attachment":[{"href":"https:\/\/www.muraillesmusic.com\/en\/wp-json\/wp\/v2\/media?parent=10576"}],"curies":[{"name":"wp","href":"https:\/\/api.w.org\/{rel}","templated":true}]}}